{"id":20,"date":"2023-09-21T10:01:14","date_gmt":"2023-09-21T15:01:14","guid":{"rendered":"https:\/\/empresario.clickconvert.pro\/samuel-gomez\/rvolt\/"},"modified":"2023-09-21T10:13:47","modified_gmt":"2023-09-21T15:13:47","slug":"rvolt","status":"publish","type":"page","link":"https:\/\/empresario.clickconvert.pro\/samuel-gomez\/rvolt\/","title":{"rendered":"Rvolt"},"content":{"rendered":"\t\t<div data-elementor-type=\"wp-page\" data-elementor-id=\"20\" class=\"elementor elementor-20\">\n\t\t\t\t\t\t\t\t\t<section class=\"elementor-section elementor-top-section elementor-element elementor-element-2276282d elementor-section-boxed elementor-section-height-default elementor-section-height-default\" data-id=\"2276282d\" data-element_type=\"section\" data-settings=\"{&quot;background_background&quot;:&quot;classic&quot;}\">\n\t\t\t\t\t\t\t<div class=\"elementor-background-overlay\"><\/div>\n\t\t\t\t\t\t\t<div class=\"elementor-container elementor-column-gap-default\">\n\t\t\t\t\t<div class=\"elementor-column elementor-col-100 elementor-top-column elementor-element elementor-element-11ece7e3\" data-id=\"11ece7e3\" data-element_type=\"column\">\n\t\t\t<div class=\"elementor-widget-wrap elementor-element-populated\">\n\t\t\t\t\t\t\t\t<div class=\"elementor-element elementor-element-310fc9a5 elementor-widget elementor-widget-spacer\" data-id=\"310fc9a5\" data-element_type=\"widget\" data-widget_type=\"spacer.default\">\n\t\t\t\t<div class=\"elementor-widget-container\">\n\t\t\t<style>\/*! elementor - v3.18.0 - 20-12-2023 *\/\n.elementor-column .elementor-spacer-inner{height:var(--spacer-size)}.e-con{--container-widget-width:100%}.e-con-inner>.elementor-widget-spacer,.e-con>.elementor-widget-spacer{width:var(--container-widget-width,var(--spacer-size));--align-self:var(--container-widget-align-self,initial);--flex-shrink:0}.e-con-inner>.elementor-widget-spacer>.elementor-widget-container,.e-con>.elementor-widget-spacer>.elementor-widget-container{height:100%;width:100%}.e-con-inner>.elementor-widget-spacer>.elementor-widget-container>.elementor-spacer,.e-con>.elementor-widget-spacer>.elementor-widget-container>.elementor-spacer{height:100%}.e-con-inner>.elementor-widget-spacer>.elementor-widget-container>.elementor-spacer>.elementor-spacer-inner,.e-con>.elementor-widget-spacer>.elementor-widget-container>.elementor-spacer>.elementor-spacer-inner{height:var(--container-widget-height,var(--spacer-size))}.e-con-inner>.elementor-widget-spacer.elementor-widget-empty,.e-con>.elementor-widget-spacer.elementor-widget-empty{position:relative;min-height:22px;min-width:22px}.e-con-inner>.elementor-widget-spacer.elementor-widget-empty .elementor-widget-empty-icon,.e-con>.elementor-widget-spacer.elementor-widget-empty .elementor-widget-empty-icon{position:absolute;top:0;bottom:0;left:0;right:0;margin:auto;padding:0;width:22px;height:22px}<\/style>\t\t<div class=\"elementor-spacer\">\n\t\t\t<div class=\"elementor-spacer-inner\"><\/div>\n\t\t<\/div>\n\t\t\t\t<\/div>\n\t\t\t\t<\/div>\n\t\t\t\t\t<\/div>\n\t\t<\/div>\n\t\t\t\t\t\t\t<\/div>\n\t\t<\/section>\n\t\t\t\t<section class=\"elementor-section elementor-top-section elementor-element elementor-element-38492f69 elementor-section-boxed elementor-section-height-default elementor-section-height-default\" data-id=\"38492f69\" data-element_type=\"section\">\n\t\t\t\t\t\t\t<div class=\"elementor-background-overlay\"><\/div>\n\t\t\t\t\t\t\t<div class=\"elementor-container elementor-column-gap-default\">\n\t\t\t\t\t<div class=\"elementor-column elementor-col-50 elementor-top-column elementor-element elementor-element-336252d0\" data-id=\"336252d0\" data-element_type=\"column\">\n\t\t\t<div class=\"elementor-widget-wrap elementor-element-populated\">\n\t\t\t\t\t\t\t\t<div class=\"elementor-element elementor-element-68761a0c elementor-widget elementor-widget-spacer\" data-id=\"68761a0c\" data-element_type=\"widget\" data-widget_type=\"spacer.default\">\n\t\t\t\t<div class=\"elementor-widget-container\">\n\t\t\t\t\t<div class=\"elementor-spacer\">\n\t\t\t<div class=\"elementor-spacer-inner\"><\/div>\n\t\t<\/div>\n\t\t\t\t<\/div>\n\t\t\t\t<\/div>\n\t\t\t\t<div class=\"elementor-element elementor-element-420d6a9a elementor-widget elementor-widget-heading\" data-id=\"420d6a9a\" data-element_type=\"widget\" data-widget_type=\"heading.default\">\n\t\t\t\t<div class=\"elementor-widget-container\">\n\t\t\t<style>\/*! elementor - v3.18.0 - 20-12-2023 *\/\n.elementor-heading-title{padding:0;margin:0;line-height:1}.elementor-widget-heading .elementor-heading-title[class*=elementor-size-]>a{color:inherit;font-size:inherit;line-height:inherit}.elementor-widget-heading .elementor-heading-title.elementor-size-small{font-size:15px}.elementor-widget-heading .elementor-heading-title.elementor-size-medium{font-size:19px}.elementor-widget-heading .elementor-heading-title.elementor-size-large{font-size:29px}.elementor-widget-heading .elementor-heading-title.elementor-size-xl{font-size:39px}.elementor-widget-heading .elementor-heading-title.elementor-size-xxl{font-size:59px}<\/style><h6 class=\"elementor-heading-title elementor-size-default\">Producto recomendado<\/h6>\t\t<\/div>\n\t\t\t\t<\/div>\n\t\t\t\t<div class=\"elementor-element elementor-element-7b8c8388 elementor-widget elementor-widget-heading\" data-id=\"7b8c8388\" data-element_type=\"widget\" data-widget_type=\"heading.default\">\n\t\t\t\t<div class=\"elementor-widget-container\">\n\t\t\t<h2 class=\"elementor-heading-title elementor-size-default\">E&Rvolt<\/h2>\t\t<\/div>\n\t\t\t\t<\/div>\n\t\t\t\t<div class=\"elementor-element elementor-element-2d4de40b elementor-widget elementor-widget-text-editor\" data-id=\"2d4de40b\" data-element_type=\"widget\" data-widget_type=\"text-editor.default\">\n\t\t\t\t<div class=\"elementor-widget-container\">\n\t\t\t<style>\/*! elementor - v3.18.0 - 20-12-2023 *\/\n.elementor-widget-text-editor.elementor-drop-cap-view-stacked .elementor-drop-cap{background-color:#69727d;color:#fff}.elementor-widget-text-editor.elementor-drop-cap-view-framed .elementor-drop-cap{color:#69727d;border:3px solid;background-color:transparent}.elementor-widget-text-editor:not(.elementor-drop-cap-view-default) .elementor-drop-cap{margin-top:8px}.elementor-widget-text-editor:not(.elementor-drop-cap-view-default) .elementor-drop-cap-letter{width:1em;height:1em}.elementor-widget-text-editor .elementor-drop-cap{float:left;text-align:center;line-height:1;font-size:50px}.elementor-widget-text-editor .elementor-drop-cap-letter{display:inline-block}<\/style>\t\t\t\t<p>Descubre E&amp;RVOLT, nuestro revolucionario producto dise\u00f1ado para potenciar tu energ\u00eda y vitalidad de manera natural. Con la vida moderna cada vez m\u00e1s exigente, es crucial contar con un impulso de energ\u00eda que nos mantenga activos y enfocados.<\/p><p>E&amp;RVOLT combina cuidadosamente ingredientes naturales de alta calidad, como el guaran\u00e1, la maca y la quinua, para brindarte una f\u00f3rmula \u00fanica y efectiva. Estos componentes trabajan en sinergia para combatir el cansancio, la desconcentraci\u00f3n y el estr\u00e9s, permiti\u00e9ndote alcanzar tu m\u00e1ximo potencial.<\/p><p>Nuestra f\u00f3rmula est\u00e1 respaldada por la investigaci\u00f3n cient\u00edfica y est\u00e1 libre de ingredientes artificiales. Adem\u00e1s, E&amp;RVOLT se elabora bajo rigurosos est\u00e1ndares de calidad y es apto para vegetarianos.<\/p><p>Ya sea que necesites un impulso para rendir al m\u00e1ximo en el trabajo, mantener el ritmo en tus actividades diarias o simplemente disfrutar de una vida activa y plena, E&amp;RVOLT est\u00e1 aqu\u00ed para ayudarte a desbloquear estr\u00e9s, permiti\u00e9ndote alcanzar tu m\u00e1ximo potencial.<\/p><p>Nuestra f\u00f3rmula est\u00e1 respaldada por la investigaci\u00f3n cient\u00edfica y est\u00e1 libre de ingredientes artificiales. Adem\u00e1s, E&amp;RVOLT se elabora bajo rigurosos est\u00e1ndares de calidad y es apto para vegetarianos.<\/p><p>Ya sea que necesites un impulso para rendir al m\u00e1ximo en el trabajo, mantener el ritmo en tus actividades diarias o simplemente disfrutar de una vida activa y plena, E&amp;RVOLT est\u00e1 aqu\u00ed para ayudarte a desbloquear tu energ\u00eda interior y vivir con vitalidad.<\/p><p>Descubre el poder de E&amp;RVOLT y experimenta una vida llena de energ\u00eda y bienestar. \u00a1Pru\u00e9balo hoy y energiza tu camino hacia el \u00e9xito!<\/p>\t\t\t\t\t\t<\/div>\n\t\t\t\t<\/div>\n\t\t\t\t<div class=\"elementor-element elementor-element-20b1856e elementor-widget elementor-widget-button\" data-id=\"20b1856e\" data-element_type=\"widget\" data-widget_type=\"button.default\">\n\t\t\t\t<div class=\"elementor-widget-container\">\n\t\t\t\t\t<div class=\"elementor-button-wrapper\">\n\t\t\t<a class=\"elementor-button elementor-button-link elementor-size-sm\" href=\"https:\/\/youtu.be\/a1jGdcRtXd0\">\n\t\t\t\t\t\t<span class=\"elementor-button-content-wrapper\">\n\t\t\t\t\t\t<span class=\"elementor-button-text\">Descubrir productos<\/span>\n\t\t<\/span>\n\t\t\t\t\t<\/a>\n\t\t<\/div>\n\t\t\t\t<\/div>\n\t\t\t\t<\/div>\n\t\t\t\t\t<\/div>\n\t\t<\/div>\n\t\t\t\t<div class=\"elementor-column elementor-col-50 elementor-top-column elementor-element elementor-element-90648f0\" data-id=\"90648f0\" data-element_type=\"column\">\n\t\t\t<div class=\"elementor-widget-wrap elementor-element-populated\">\n\t\t\t\t\t\t\t\t<div class=\"elementor-element elementor-element-1ffe17eb elementor-widget elementor-widget-image\" data-id=\"1ffe17eb\" data-element_type=\"widget\" data-widget_type=\"image.default\">\n\t\t\t\t<div class=\"elementor-widget-container\">\n\t\t\t<style>\/*! elementor - v3.18.0 - 20-12-2023 *\/\n.elementor-widget-image{text-align:center}.elementor-widget-image a{display:inline-block}.elementor-widget-image a img[src$=\".svg\"]{width:48px}.elementor-widget-image img{vertical-align:middle;display:inline-block}<\/style>\t\t\t\t\t\t\t\t\t\t\t\t<img fetchpriority=\"high\" decoding=\"async\" width=\"525\" height=\"525\" src=\"https:\/\/empresario.clickconvert.pro\/samuel-gomez\/wp-content\/uploads\/sites\/78\/2023\/09\/ervolt-1-1024x1024.png\" class=\"attachment-large size-large wp-image-21\" alt=\"\" srcset=\"https:\/\/empresario.clickconvert.pro\/samuel-gomez\/wp-content\/uploads\/sites\/78\/2023\/09\/ervolt-1-1024x1024.png 1024w, https:\/\/empresario.clickconvert.pro\/samuel-gomez\/wp-content\/uploads\/sites\/78\/2023\/09\/ervolt-1-300x300.png 300w, https:\/\/empresario.clickconvert.pro\/samuel-gomez\/wp-content\/uploads\/sites\/78\/2023\/09\/ervolt-1-150x150.png 150w, https:\/\/empresario.clickconvert.pro\/samuel-gomez\/wp-content\/uploads\/sites\/78\/2023\/09\/ervolt-1-768x768.png 768w, https:\/\/empresario.clickconvert.pro\/samuel-gomez\/wp-content\/uploads\/sites\/78\/2023\/09\/ervolt-1-1536x1536.png 1536w, https:\/\/empresario.clickconvert.pro\/samuel-gomez\/wp-content\/uploads\/sites\/78\/2023\/09\/ervolt-1.png 2000w\" sizes=\"(max-width: 525px) 100vw, 525px\" \/>\t\t\t\t\t\t\t\t\t\t\t\t\t\t\t<\/div>\n\t\t\t\t<\/div>\n\t\t\t\t\t<\/div>\n\t\t<\/div>\n\t\t\t\t\t\t\t<\/div>\n\t\t<\/section>\n\t\t\t\t<section class=\"elementor-section elementor-top-section elementor-element elementor-element-6af8b77a elementor-section-boxed elementor-section-height-default elementor-section-height-default\" data-id=\"6af8b77a\" data-element_type=\"section\">\n\t\t\t\t\t\t<div class=\"elementor-container elementor-column-gap-default\">\n\t\t\t\t\t<div class=\"elementor-column elementor-col-100 elementor-top-column elementor-element elementor-element-3b491ee7\" data-id=\"3b491ee7\" data-element_type=\"column\">\n\t\t\t<div class=\"elementor-widget-wrap elementor-element-populated\">\n\t\t\t\t\t\t\t\t<div class=\"elementor-element elementor-element-2a2f5df1 elementor-widget elementor-widget-shortcode\" data-id=\"2a2f5df1\" data-element_type=\"widget\" data-widget_type=\"shortcode.default\">\n\t\t\t\t<div class=\"elementor-widget-container\">\n\t\t\t\t\t<div class=\"elementor-shortcode\"><\/div>\n\t\t\t\t<\/div>\n\t\t\t\t<\/div>\n\t\t\t\t\t<\/div>\n\t\t<\/div>\n\t\t\t\t\t\t\t<\/div>\n\t\t<\/section>\n\t\t\t\t\t\t\t<\/div>\n\t\t","protected":false},"excerpt":{"rendered":"<p>Producto recomendado E&#038;Rvolt Descubre E&amp;RVOLT, nuestro revolucionario producto dise\u00f1ado para potenciar tu energ\u00eda y vitalidad de manera natural. Con la&hellip;<\/p>\n","protected":false},"author":1,"featured_media":0,"parent":0,"menu_order":0,"comment_status":"closed","ping_status":"closed","template":"","meta":[],"_links":{"self":[{"href":"https:\/\/empresario.clickconvert.pro\/samuel-gomez\/wp-json\/wp\/v2\/pages\/20"}],"collection":[{"href":"https:\/\/empresario.clickconvert.pro\/samuel-gomez\/wp-json\/wp\/v2\/pages"}],"about":[{"href":"https:\/\/empresario.clickconvert.pro\/samuel-gomez\/wp-json\/wp\/v2\/types\/page"}],"author":[{"embeddable":true,"href":"https:\/\/empresario.clickconvert.pro\/samuel-gomez\/wp-json\/wp\/v2\/users\/1"}],"replies":[{"embeddable":true,"href":"https:\/\/empresario.clickconvert.pro\/samuel-gomez\/wp-json\/wp\/v2\/comments?post=20"}],"version-history":[{"count":7,"href":"https:\/\/empresario.clickconvert.pro\/samuel-gomez\/wp-json\/wp\/v2\/pages\/20\/revisions"}],"predecessor-version":[{"id":125,"href":"https:\/\/empresario.clickconvert.pro\/samuel-gomez\/wp-json\/wp\/v2\/pages\/20\/revisions\/125"}],"wp:attachment":[{"href":"https:\/\/empresario.clickconvert.pro\/samuel-gomez\/wp-json\/wp\/v2\/media?parent=20"}],"curies":[{"name":"wp","href":"https:\/\/api.w.org\/{rel}","templated":true}]}}