{"id":24,"date":"2023-09-21T10:01:24","date_gmt":"2023-09-21T15:01:24","guid":{"rendered":"https:\/\/empresario.clickconvert.pro\/samuel-gomez\/vital\/"},"modified":"2023-09-21T10:14:41","modified_gmt":"2023-09-21T15:14:41","slug":"vital","status":"publish","type":"page","link":"https:\/\/empresario.clickconvert.pro\/samuel-gomez\/vital\/","title":{"rendered":"Vital"},"content":{"rendered":"\t\t<div data-elementor-type=\"wp-page\" data-elementor-id=\"24\" class=\"elementor elementor-24\">\n\t\t\t\t\t\t\t\t\t<section class=\"elementor-section elementor-top-section elementor-element elementor-element-65cb6d93 elementor-section-boxed elementor-section-height-default elementor-section-height-default\" data-id=\"65cb6d93\" data-element_type=\"section\" data-settings=\"{&quot;background_background&quot;:&quot;classic&quot;}\">\n\t\t\t\t\t\t\t<div class=\"elementor-background-overlay\"><\/div>\n\t\t\t\t\t\t\t<div class=\"elementor-container elementor-column-gap-default\">\n\t\t\t\t\t<div class=\"elementor-column elementor-col-100 elementor-top-column elementor-element elementor-element-199908a1\" data-id=\"199908a1\" data-element_type=\"column\">\n\t\t\t<div class=\"elementor-widget-wrap elementor-element-populated\">\n\t\t\t\t\t\t\t\t<div class=\"elementor-element elementor-element-5aeafd8d elementor-widget elementor-widget-spacer\" data-id=\"5aeafd8d\" data-element_type=\"widget\" data-widget_type=\"spacer.default\">\n\t\t\t\t<div class=\"elementor-widget-container\">\n\t\t\t<style>\/*! elementor - v3.18.0 - 20-12-2023 *\/\n.elementor-column .elementor-spacer-inner{height:var(--spacer-size)}.e-con{--container-widget-width:100%}.e-con-inner>.elementor-widget-spacer,.e-con>.elementor-widget-spacer{width:var(--container-widget-width,var(--spacer-size));--align-self:var(--container-widget-align-self,initial);--flex-shrink:0}.e-con-inner>.elementor-widget-spacer>.elementor-widget-container,.e-con>.elementor-widget-spacer>.elementor-widget-container{height:100%;width:100%}.e-con-inner>.elementor-widget-spacer>.elementor-widget-container>.elementor-spacer,.e-con>.elementor-widget-spacer>.elementor-widget-container>.elementor-spacer{height:100%}.e-con-inner>.elementor-widget-spacer>.elementor-widget-container>.elementor-spacer>.elementor-spacer-inner,.e-con>.elementor-widget-spacer>.elementor-widget-container>.elementor-spacer>.elementor-spacer-inner{height:var(--container-widget-height,var(--spacer-size))}.e-con-inner>.elementor-widget-spacer.elementor-widget-empty,.e-con>.elementor-widget-spacer.elementor-widget-empty{position:relative;min-height:22px;min-width:22px}.e-con-inner>.elementor-widget-spacer.elementor-widget-empty .elementor-widget-empty-icon,.e-con>.elementor-widget-spacer.elementor-widget-empty .elementor-widget-empty-icon{position:absolute;top:0;bottom:0;left:0;right:0;margin:auto;padding:0;width:22px;height:22px}<\/style>\t\t<div class=\"elementor-spacer\">\n\t\t\t<div class=\"elementor-spacer-inner\"><\/div>\n\t\t<\/div>\n\t\t\t\t<\/div>\n\t\t\t\t<\/div>\n\t\t\t\t\t<\/div>\n\t\t<\/div>\n\t\t\t\t\t\t\t<\/div>\n\t\t<\/section>\n\t\t\t\t<section class=\"elementor-section elementor-top-section elementor-element elementor-element-3b0b6da6 elementor-section-boxed elementor-section-height-default elementor-section-height-default\" data-id=\"3b0b6da6\" data-element_type=\"section\">\n\t\t\t\t\t\t\t<div class=\"elementor-background-overlay\"><\/div>\n\t\t\t\t\t\t\t<div class=\"elementor-container elementor-column-gap-default\">\n\t\t\t\t\t<div class=\"elementor-column elementor-col-50 elementor-top-column elementor-element elementor-element-726def46\" data-id=\"726def46\" data-element_type=\"column\">\n\t\t\t<div class=\"elementor-widget-wrap elementor-element-populated\">\n\t\t\t\t\t\t\t\t<div class=\"elementor-element elementor-element-252a12af elementor-widget elementor-widget-spacer\" data-id=\"252a12af\" data-element_type=\"widget\" data-widget_type=\"spacer.default\">\n\t\t\t\t<div class=\"elementor-widget-container\">\n\t\t\t\t\t<div class=\"elementor-spacer\">\n\t\t\t<div class=\"elementor-spacer-inner\"><\/div>\n\t\t<\/div>\n\t\t\t\t<\/div>\n\t\t\t\t<\/div>\n\t\t\t\t<div class=\"elementor-element elementor-element-500a4d2a elementor-widget elementor-widget-heading\" data-id=\"500a4d2a\" data-element_type=\"widget\" data-widget_type=\"heading.default\">\n\t\t\t\t<div class=\"elementor-widget-container\">\n\t\t\t<style>\/*! elementor - v3.18.0 - 20-12-2023 *\/\n.elementor-heading-title{padding:0;margin:0;line-height:1}.elementor-widget-heading .elementor-heading-title[class*=elementor-size-]>a{color:inherit;font-size:inherit;line-height:inherit}.elementor-widget-heading .elementor-heading-title.elementor-size-small{font-size:15px}.elementor-widget-heading .elementor-heading-title.elementor-size-medium{font-size:19px}.elementor-widget-heading .elementor-heading-title.elementor-size-large{font-size:29px}.elementor-widget-heading .elementor-heading-title.elementor-size-xl{font-size:39px}.elementor-widget-heading .elementor-heading-title.elementor-size-xxl{font-size:59px}<\/style><h6 class=\"elementor-heading-title elementor-size-default\">Producto garantizado<\/h6>\t\t<\/div>\n\t\t\t\t<\/div>\n\t\t\t\t<div class=\"elementor-element elementor-element-1ab59d0f elementor-widget elementor-widget-heading\" data-id=\"1ab59d0f\" data-element_type=\"widget\" data-widget_type=\"heading.default\">\n\t\t\t\t<div class=\"elementor-widget-container\">\n\t\t\t<h2 class=\"elementor-heading-title elementor-size-default\">Vital solucion <\/h2>\t\t<\/div>\n\t\t\t\t<\/div>\n\t\t\t\t<div class=\"elementor-element elementor-element-757f7f9f elementor-widget elementor-widget-text-editor\" data-id=\"757f7f9f\" data-element_type=\"widget\" data-widget_type=\"text-editor.default\">\n\t\t\t\t<div class=\"elementor-widget-container\">\n\t\t\t<style>\/*! elementor - v3.18.0 - 20-12-2023 *\/\n.elementor-widget-text-editor.elementor-drop-cap-view-stacked .elementor-drop-cap{background-color:#69727d;color:#fff}.elementor-widget-text-editor.elementor-drop-cap-view-framed .elementor-drop-cap{color:#69727d;border:3px solid;background-color:transparent}.elementor-widget-text-editor:not(.elementor-drop-cap-view-default) .elementor-drop-cap{margin-top:8px}.elementor-widget-text-editor:not(.elementor-drop-cap-view-default) .elementor-drop-cap-letter{width:1em;height:1em}.elementor-widget-text-editor .elementor-drop-cap{float:left;text-align:center;line-height:1;font-size:50px}.elementor-widget-text-editor .elementor-drop-cap-letter{display:inline-block}<\/style>\t\t\t\t<p>\u00a1Descubre Vital Solution, la soluci\u00f3n revolucionaria para una salud visual \u00f3ptima! Nuestro producto ha sido cuidadosamente formulado con un hallazgo cient\u00edfico que regenera las c\u00e9lulas oculares, brindando beneficios terap\u00e9uticos en tan solo 2 minutos.<\/p><p>La f\u00f3rmula maestra de Vital Solution contiene una poderosa combinaci\u00f3n de ingredientes naturales y org\u00e1nicos. El Aloe barbadensis miller, el col\u00e1geno, la clorofila, los carotenoides, la lute\u00edna y la zeaxantina trabajan en sinergia para nutrir y proteger la c\u00f3rnea, proporcionando una hidrataci\u00f3n progresiva y duradera.<\/p><p>Nuestro producto forma un escudo viscoso de protecci\u00f3n en la superficie ocular, aliviando la irritaci\u00f3n, el enrojecimiento y el picor. Adem\u00e1s, restablece la funci\u00f3n de las gl\u00e1ndulas lagrimales y combate los efectos del estr\u00e9s oxidativo.<\/p><p>No se requiere prescripci\u00f3n m\u00e9dica para usar Vital Solution, y no interfiere con ning\u00fan tratamiento oftalmol\u00f3gico. \u00danete a las m\u00e1s de mil millones de personas en todo el mundo que han experimentado la transformaci\u00f3n de su salud visual con Vital Solution.<\/p><p>\u00a1Recupera una visi\u00f3n clara y radiante con Vital Solution, el cuidado ocular de vanguardia!<\/p>\t\t\t\t\t\t<\/div>\n\t\t\t\t<\/div>\n\t\t\t\t<div class=\"elementor-element elementor-element-65cb7466 elementor-widget elementor-widget-button\" data-id=\"65cb7466\" data-element_type=\"widget\" data-widget_type=\"button.default\">\n\t\t\t\t<div class=\"elementor-widget-container\">\n\t\t\t\t\t<div class=\"elementor-button-wrapper\">\n\t\t\t<a class=\"elementor-button elementor-button-link elementor-size-sm\" href=\"https:\/\/www.youtube.com\/watch?v=sNlJvjQQSC0\">\n\t\t\t\t\t\t<span class=\"elementor-button-content-wrapper\">\n\t\t\t\t\t\t<span class=\"elementor-button-text\">Descubrir productos<\/span>\n\t\t<\/span>\n\t\t\t\t\t<\/a>\n\t\t<\/div>\n\t\t\t\t<\/div>\n\t\t\t\t<\/div>\n\t\t\t\t\t<\/div>\n\t\t<\/div>\n\t\t\t\t<div class=\"elementor-column elementor-col-50 elementor-top-column elementor-element elementor-element-3376c5de\" data-id=\"3376c5de\" data-element_type=\"column\">\n\t\t\t<div class=\"elementor-widget-wrap elementor-element-populated\">\n\t\t\t\t\t\t\t\t<div class=\"elementor-element elementor-element-48d815ad elementor-widget elementor-widget-image\" data-id=\"48d815ad\" data-element_type=\"widget\" data-widget_type=\"image.default\">\n\t\t\t\t<div class=\"elementor-widget-container\">\n\t\t\t<style>\/*! elementor - v3.18.0 - 20-12-2023 *\/\n.elementor-widget-image{text-align:center}.elementor-widget-image a{display:inline-block}.elementor-widget-image a img[src$=\".svg\"]{width:48px}.elementor-widget-image img{vertical-align:middle;display:inline-block}<\/style>\t\t\t\t\t\t\t\t\t\t\t\t<img fetchpriority=\"high\" decoding=\"async\" width=\"525\" height=\"525\" src=\"https:\/\/empresario.clickconvert.pro\/samuel-gomez\/wp-content\/uploads\/sites\/78\/2023\/09\/vital-solution-3-1024x1024.png\" class=\"attachment-large size-large wp-image-25\" alt=\"\" srcset=\"https:\/\/empresario.clickconvert.pro\/samuel-gomez\/wp-content\/uploads\/sites\/78\/2023\/09\/vital-solution-3-1024x1024.png 1024w, https:\/\/empresario.clickconvert.pro\/samuel-gomez\/wp-content\/uploads\/sites\/78\/2023\/09\/vital-solution-3-300x300.png 300w, https:\/\/empresario.clickconvert.pro\/samuel-gomez\/wp-content\/uploads\/sites\/78\/2023\/09\/vital-solution-3-150x150.png 150w, https:\/\/empresario.clickconvert.pro\/samuel-gomez\/wp-content\/uploads\/sites\/78\/2023\/09\/vital-solution-3-768x768.png 768w, https:\/\/empresario.clickconvert.pro\/samuel-gomez\/wp-content\/uploads\/sites\/78\/2023\/09\/vital-solution-3-1536x1536.png 1536w, https:\/\/empresario.clickconvert.pro\/samuel-gomez\/wp-content\/uploads\/sites\/78\/2023\/09\/vital-solution-3.png 2000w\" sizes=\"(max-width: 525px) 100vw, 525px\" \/>\t\t\t\t\t\t\t\t\t\t\t\t\t\t\t<\/div>\n\t\t\t\t<\/div>\n\t\t\t\t\t<\/div>\n\t\t<\/div>\n\t\t\t\t\t\t\t<\/div>\n\t\t<\/section>\n\t\t\t\t<section class=\"elementor-section elementor-top-section elementor-element elementor-element-4eee3ed3 elementor-section-boxed elementor-section-height-default elementor-section-height-default\" data-id=\"4eee3ed3\" data-element_type=\"section\">\n\t\t\t\t\t\t<div class=\"elementor-container elementor-column-gap-default\">\n\t\t\t\t\t<div class=\"elementor-column elementor-col-100 elementor-top-column elementor-element elementor-element-3cec4a28\" data-id=\"3cec4a28\" data-element_type=\"column\">\n\t\t\t<div class=\"elementor-widget-wrap elementor-element-populated\">\n\t\t\t\t\t\t\t\t<div class=\"elementor-element elementor-element-5ec3c989 elementor-widget elementor-widget-shortcode\" data-id=\"5ec3c989\" data-element_type=\"widget\" data-widget_type=\"shortcode.default\">\n\t\t\t\t<div class=\"elementor-widget-container\">\n\t\t\t\t\t<div class=\"elementor-shortcode\"><\/div>\n\t\t\t\t<\/div>\n\t\t\t\t<\/div>\n\t\t\t\t\t<\/div>\n\t\t<\/div>\n\t\t\t\t\t\t\t<\/div>\n\t\t<\/section>\n\t\t\t\t\t\t\t<\/div>\n\t\t","protected":false},"excerpt":{"rendered":"<p>Producto garantizado Vital solucion \u00a1Descubre Vital Solution, la soluci\u00f3n revolucionaria para una salud visual \u00f3ptima! Nuestro producto ha sido cuidadosamente&hellip;<\/p>\n","protected":false},"author":1,"featured_media":0,"parent":0,"menu_order":0,"comment_status":"closed","ping_status":"closed","template":"","meta":[],"_links":{"self":[{"href":"https:\/\/empresario.clickconvert.pro\/samuel-gomez\/wp-json\/wp\/v2\/pages\/24"}],"collection":[{"href":"https:\/\/empresario.clickconvert.pro\/samuel-gomez\/wp-json\/wp\/v2\/pages"}],"about":[{"href":"https:\/\/empresario.clickconvert.pro\/samuel-gomez\/wp-json\/wp\/v2\/types\/page"}],"author":[{"embeddable":true,"href":"https:\/\/empresario.clickconvert.pro\/samuel-gomez\/wp-json\/wp\/v2\/users\/1"}],"replies":[{"embeddable":true,"href":"https:\/\/empresario.clickconvert.pro\/samuel-gomez\/wp-json\/wp\/v2\/comments?post=24"}],"version-history":[{"count":7,"href":"https:\/\/empresario.clickconvert.pro\/samuel-gomez\/wp-json\/wp\/v2\/pages\/24\/revisions"}],"predecessor-version":[{"id":131,"href":"https:\/\/empresario.clickconvert.pro\/samuel-gomez\/wp-json\/wp\/v2\/pages\/24\/revisions\/131"}],"wp:attachment":[{"href":"https:\/\/empresario.clickconvert.pro\/samuel-gomez\/wp-json\/wp\/v2\/media?parent=24"}],"curies":[{"name":"wp","href":"https:\/\/api.w.org\/{rel}","templated":true}]}}