{"id":28,"date":"2023-09-21T10:01:31","date_gmt":"2023-09-21T15:01:31","guid":{"rendered":"https:\/\/empresario.clickconvert.pro\/samuel-gomez\/sysadox\/"},"modified":"2023-09-21T10:14:09","modified_gmt":"2023-09-21T15:14:09","slug":"sysadox","status":"publish","type":"page","link":"https:\/\/empresario.clickconvert.pro\/samuel-gomez\/sysadox\/","title":{"rendered":"Sysadox"},"content":{"rendered":"\t\t<div data-elementor-type=\"wp-page\" data-elementor-id=\"28\" class=\"elementor elementor-28\">\n\t\t\t\t\t\t\t\t\t<section class=\"elementor-section elementor-top-section elementor-element elementor-element-1f32af0f elementor-section-boxed elementor-section-height-default elementor-section-height-default\" data-id=\"1f32af0f\" data-element_type=\"section\" data-settings=\"{&quot;background_background&quot;:&quot;classic&quot;}\">\n\t\t\t\t\t\t\t<div class=\"elementor-background-overlay\"><\/div>\n\t\t\t\t\t\t\t<div class=\"elementor-container elementor-column-gap-default\">\n\t\t\t\t\t<div class=\"elementor-column elementor-col-100 elementor-top-column elementor-element elementor-element-407dcb81\" data-id=\"407dcb81\" data-element_type=\"column\">\n\t\t\t<div class=\"elementor-widget-wrap elementor-element-populated\">\n\t\t\t\t\t\t\t\t<div class=\"elementor-element elementor-element-461cbde3 elementor-widget elementor-widget-spacer\" data-id=\"461cbde3\" data-element_type=\"widget\" data-widget_type=\"spacer.default\">\n\t\t\t\t<div class=\"elementor-widget-container\">\n\t\t\t<style>\/*! elementor - v3.18.0 - 20-12-2023 *\/\n.elementor-column .elementor-spacer-inner{height:var(--spacer-size)}.e-con{--container-widget-width:100%}.e-con-inner>.elementor-widget-spacer,.e-con>.elementor-widget-spacer{width:var(--container-widget-width,var(--spacer-size));--align-self:var(--container-widget-align-self,initial);--flex-shrink:0}.e-con-inner>.elementor-widget-spacer>.elementor-widget-container,.e-con>.elementor-widget-spacer>.elementor-widget-container{height:100%;width:100%}.e-con-inner>.elementor-widget-spacer>.elementor-widget-container>.elementor-spacer,.e-con>.elementor-widget-spacer>.elementor-widget-container>.elementor-spacer{height:100%}.e-con-inner>.elementor-widget-spacer>.elementor-widget-container>.elementor-spacer>.elementor-spacer-inner,.e-con>.elementor-widget-spacer>.elementor-widget-container>.elementor-spacer>.elementor-spacer-inner{height:var(--container-widget-height,var(--spacer-size))}.e-con-inner>.elementor-widget-spacer.elementor-widget-empty,.e-con>.elementor-widget-spacer.elementor-widget-empty{position:relative;min-height:22px;min-width:22px}.e-con-inner>.elementor-widget-spacer.elementor-widget-empty .elementor-widget-empty-icon,.e-con>.elementor-widget-spacer.elementor-widget-empty .elementor-widget-empty-icon{position:absolute;top:0;bottom:0;left:0;right:0;margin:auto;padding:0;width:22px;height:22px}<\/style>\t\t<div class=\"elementor-spacer\">\n\t\t\t<div class=\"elementor-spacer-inner\"><\/div>\n\t\t<\/div>\n\t\t\t\t<\/div>\n\t\t\t\t<\/div>\n\t\t\t\t\t<\/div>\n\t\t<\/div>\n\t\t\t\t\t\t\t<\/div>\n\t\t<\/section>\n\t\t\t\t<section class=\"elementor-section elementor-top-section elementor-element elementor-element-39a0be20 elementor-section-boxed elementor-section-height-default elementor-section-height-default\" data-id=\"39a0be20\" data-element_type=\"section\">\n\t\t\t\t\t\t\t<div class=\"elementor-background-overlay\"><\/div>\n\t\t\t\t\t\t\t<div class=\"elementor-container elementor-column-gap-default\">\n\t\t\t\t\t<div class=\"elementor-column elementor-col-50 elementor-top-column elementor-element elementor-element-3b8608ed\" data-id=\"3b8608ed\" data-element_type=\"column\">\n\t\t\t<div class=\"elementor-widget-wrap elementor-element-populated\">\n\t\t\t\t\t\t\t\t<div class=\"elementor-element elementor-element-3264f1a6 elementor-widget elementor-widget-spacer\" data-id=\"3264f1a6\" data-element_type=\"widget\" data-widget_type=\"spacer.default\">\n\t\t\t\t<div class=\"elementor-widget-container\">\n\t\t\t\t\t<div class=\"elementor-spacer\">\n\t\t\t<div class=\"elementor-spacer-inner\"><\/div>\n\t\t<\/div>\n\t\t\t\t<\/div>\n\t\t\t\t<\/div>\n\t\t\t\t<div class=\"elementor-element elementor-element-1e78c18f elementor-widget elementor-widget-heading\" data-id=\"1e78c18f\" data-element_type=\"widget\" data-widget_type=\"heading.default\">\n\t\t\t\t<div class=\"elementor-widget-container\">\n\t\t\t<style>\/*! elementor - v3.18.0 - 20-12-2023 *\/\n.elementor-heading-title{padding:0;margin:0;line-height:1}.elementor-widget-heading .elementor-heading-title[class*=elementor-size-]>a{color:inherit;font-size:inherit;line-height:inherit}.elementor-widget-heading .elementor-heading-title.elementor-size-small{font-size:15px}.elementor-widget-heading .elementor-heading-title.elementor-size-medium{font-size:19px}.elementor-widget-heading .elementor-heading-title.elementor-size-large{font-size:29px}.elementor-widget-heading .elementor-heading-title.elementor-size-xl{font-size:39px}.elementor-widget-heading .elementor-heading-title.elementor-size-xxl{font-size:59px}<\/style><h6 class=\"elementor-heading-title elementor-size-default\">Producto garantizado<\/h6>\t\t<\/div>\n\t\t\t\t<\/div>\n\t\t\t\t<div class=\"elementor-element elementor-element-7b4fde06 elementor-widget elementor-widget-heading\" data-id=\"7b4fde06\" data-element_type=\"widget\" data-widget_type=\"heading.default\">\n\t\t\t\t<div class=\"elementor-widget-container\">\n\t\t\t<h2 class=\"elementor-heading-title elementor-size-default\">Sysadox<\/h2>\t\t<\/div>\n\t\t\t\t<\/div>\n\t\t\t\t<div class=\"elementor-element elementor-element-45b5704f elementor-widget elementor-widget-text-editor\" data-id=\"45b5704f\" data-element_type=\"widget\" data-widget_type=\"text-editor.default\">\n\t\t\t\t<div class=\"elementor-widget-container\">\n\t\t\t<style>\/*! elementor - v3.18.0 - 20-12-2023 *\/\n.elementor-widget-text-editor.elementor-drop-cap-view-stacked .elementor-drop-cap{background-color:#69727d;color:#fff}.elementor-widget-text-editor.elementor-drop-cap-view-framed .elementor-drop-cap{color:#69727d;border:3px solid;background-color:transparent}.elementor-widget-text-editor:not(.elementor-drop-cap-view-default) .elementor-drop-cap{margin-top:8px}.elementor-widget-text-editor:not(.elementor-drop-cap-view-default) .elementor-drop-cap-letter{width:1em;height:1em}.elementor-widget-text-editor .elementor-drop-cap{float:left;text-align:center;line-height:1;font-size:50px}.elementor-widget-text-editor .elementor-drop-cap-letter{display:inline-block}<\/style>\t\t\t\t<p>Descubre SYSADOX, nuestro excepcional producto que combina nutrici\u00f3n y belleza para una salud integral. Dise\u00f1ado con ingredientes de calidad superior, SYSADOX es la soluci\u00f3n perfecta para mejorar tu bienestar interno y realzar tu belleza exterior.<\/p><p>Nuestra f\u00f3rmula \u00fanica incluye col\u00e1geno hidrolizado, vitis vinifera (uva deshidratada) y ar\u00e1ndano en polvo, reconocidos por sus beneficios antioxidantes, rejuvenecedores y fortalecedores. Estos ingredientes trabajan en armon\u00eda para nutrir tu cuerpo, mejorar la salud de tu cabello y piel, y protegerte contra el envejecimiento prematuro.<\/p><p>SYSADOX se elabora bajo estrictos est\u00e1ndares de calidad y est\u00e1 respaldado por la investigaci\u00f3n cient\u00edfica. Adem\u00e1s, es apto para diferentes necesidades diet\u00e9ticas.<\/p><p>Con SYSADOX, experimentar\u00e1s una mejora notable en tu bienestar y apariencia. Brindamos una soluci\u00f3n integral para que te sientas y te veas radiante desde adentro hacia afuera.<\/p><p>Descubre el poder de SYSADOX y d\u00e9jate sorprender por los resultados. \u00a1Potencia tu salud y belleza con SYSADOX y disfruta de una vida plena y vibrante!<\/p>\t\t\t\t\t\t<\/div>\n\t\t\t\t<\/div>\n\t\t\t\t<div class=\"elementor-element elementor-element-2334bb63 elementor-widget elementor-widget-button\" data-id=\"2334bb63\" data-element_type=\"widget\" data-widget_type=\"button.default\">\n\t\t\t\t<div class=\"elementor-widget-container\">\n\t\t\t\t\t<div class=\"elementor-button-wrapper\">\n\t\t\t<a class=\"elementor-button elementor-button-link elementor-size-sm\" href=\"https:\/\/youtu.be\/bBShVFp9cNY\">\n\t\t\t\t\t\t<span class=\"elementor-button-content-wrapper\">\n\t\t\t\t\t\t<span class=\"elementor-button-text\">Descubrir productos<\/span>\n\t\t<\/span>\n\t\t\t\t\t<\/a>\n\t\t<\/div>\n\t\t\t\t<\/div>\n\t\t\t\t<\/div>\n\t\t\t\t\t<\/div>\n\t\t<\/div>\n\t\t\t\t<div class=\"elementor-column elementor-col-50 elementor-top-column elementor-element elementor-element-497aa8e\" data-id=\"497aa8e\" data-element_type=\"column\">\n\t\t\t<div class=\"elementor-widget-wrap elementor-element-populated\">\n\t\t\t\t\t\t\t\t<div class=\"elementor-element elementor-element-3b807481 elementor-widget elementor-widget-image\" data-id=\"3b807481\" data-element_type=\"widget\" data-widget_type=\"image.default\">\n\t\t\t\t<div class=\"elementor-widget-container\">\n\t\t\t<style>\/*! elementor - v3.18.0 - 20-12-2023 *\/\n.elementor-widget-image{text-align:center}.elementor-widget-image a{display:inline-block}.elementor-widget-image a img[src$=\".svg\"]{width:48px}.elementor-widget-image img{vertical-align:middle;display:inline-block}<\/style>\t\t\t\t\t\t\t\t\t\t\t\t<img fetchpriority=\"high\" decoding=\"async\" width=\"525\" height=\"525\" src=\"https:\/\/empresario.clickconvert.pro\/samuel-gomez\/wp-content\/uploads\/sites\/78\/2023\/09\/sysadox-1024x1024.png\" class=\"attachment-large size-large wp-image-29\" alt=\"\" srcset=\"https:\/\/empresario.clickconvert.pro\/samuel-gomez\/wp-content\/uploads\/sites\/78\/2023\/09\/sysadox-1024x1024.png 1024w, https:\/\/empresario.clickconvert.pro\/samuel-gomez\/wp-content\/uploads\/sites\/78\/2023\/09\/sysadox-300x300.png 300w, https:\/\/empresario.clickconvert.pro\/samuel-gomez\/wp-content\/uploads\/sites\/78\/2023\/09\/sysadox-150x150.png 150w, https:\/\/empresario.clickconvert.pro\/samuel-gomez\/wp-content\/uploads\/sites\/78\/2023\/09\/sysadox-768x768.png 768w, https:\/\/empresario.clickconvert.pro\/samuel-gomez\/wp-content\/uploads\/sites\/78\/2023\/09\/sysadox-1536x1536.png 1536w, https:\/\/empresario.clickconvert.pro\/samuel-gomez\/wp-content\/uploads\/sites\/78\/2023\/09\/sysadox.png 2000w\" sizes=\"(max-width: 525px) 100vw, 525px\" \/>\t\t\t\t\t\t\t\t\t\t\t\t\t\t\t<\/div>\n\t\t\t\t<\/div>\n\t\t\t\t\t<\/div>\n\t\t<\/div>\n\t\t\t\t\t\t\t<\/div>\n\t\t<\/section>\n\t\t\t\t<section class=\"elementor-section elementor-top-section elementor-element elementor-element-16dcce36 elementor-section-boxed elementor-section-height-default elementor-section-height-default\" data-id=\"16dcce36\" data-element_type=\"section\">\n\t\t\t\t\t\t<div class=\"elementor-container elementor-column-gap-default\">\n\t\t\t\t\t<div class=\"elementor-column elementor-col-100 elementor-top-column elementor-element elementor-element-6e0ff27b\" data-id=\"6e0ff27b\" data-element_type=\"column\">\n\t\t\t<div class=\"elementor-widget-wrap elementor-element-populated\">\n\t\t\t\t\t\t\t\t<div class=\"elementor-element elementor-element-2f1bd559 elementor-widget elementor-widget-shortcode\" data-id=\"2f1bd559\" data-element_type=\"widget\" data-widget_type=\"shortcode.default\">\n\t\t\t\t<div class=\"elementor-widget-container\">\n\t\t\t\t\t<div class=\"elementor-shortcode\"><\/div>\n\t\t\t\t<\/div>\n\t\t\t\t<\/div>\n\t\t\t\t\t<\/div>\n\t\t<\/div>\n\t\t\t\t\t\t\t<\/div>\n\t\t<\/section>\n\t\t\t\t\t\t\t<\/div>\n\t\t","protected":false},"excerpt":{"rendered":"<p>Producto garantizado Sysadox Descubre SYSADOX, nuestro excepcional producto que combina nutrici\u00f3n y belleza para una salud integral. Dise\u00f1ado con ingredientes&hellip;<\/p>\n","protected":false},"author":1,"featured_media":0,"parent":0,"menu_order":0,"comment_status":"closed","ping_status":"closed","template":"","meta":[],"_links":{"self":[{"href":"https:\/\/empresario.clickconvert.pro\/samuel-gomez\/wp-json\/wp\/v2\/pages\/28"}],"collection":[{"href":"https:\/\/empresario.clickconvert.pro\/samuel-gomez\/wp-json\/wp\/v2\/pages"}],"about":[{"href":"https:\/\/empresario.clickconvert.pro\/samuel-gomez\/wp-json\/wp\/v2\/types\/page"}],"author":[{"embeddable":true,"href":"https:\/\/empresario.clickconvert.pro\/samuel-gomez\/wp-json\/wp\/v2\/users\/1"}],"replies":[{"embeddable":true,"href":"https:\/\/empresario.clickconvert.pro\/samuel-gomez\/wp-json\/wp\/v2\/comments?post=28"}],"version-history":[{"count":7,"href":"https:\/\/empresario.clickconvert.pro\/samuel-gomez\/wp-json\/wp\/v2\/pages\/28\/revisions"}],"predecessor-version":[{"id":128,"href":"https:\/\/empresario.clickconvert.pro\/samuel-gomez\/wp-json\/wp\/v2\/pages\/28\/revisions\/128"}],"wp:attachment":[{"href":"https:\/\/empresario.clickconvert.pro\/samuel-gomez\/wp-json\/wp\/v2\/media?parent=28"}],"curies":[{"name":"wp","href":"https:\/\/api.w.org\/{rel}","templated":true}]}}