{"id":32,"date":"2023-07-11T05:33:15","date_gmt":"2023-07-11T10:33:15","guid":{"rendered":"https:\/\/empresario.clickconvert.pro\/vimco\/liberfull\/"},"modified":"2023-07-11T05:33:32","modified_gmt":"2023-07-11T10:33:32","slug":"liberfull","status":"publish","type":"page","link":"https:\/\/empresario.clickconvert.pro\/vimco\/liberfull\/","title":{"rendered":"Liberfull"},"content":{"rendered":"\t\t<div data-elementor-type=\"wp-page\" data-elementor-id=\"32\" class=\"elementor elementor-32\">\n\t\t\t\t\t\t\t\t\t<section class=\"elementor-section elementor-top-section elementor-element elementor-element-66cb560a elementor-section-boxed elementor-section-height-default elementor-section-height-default\" data-id=\"66cb560a\" data-element_type=\"section\" data-settings=\"{&quot;background_background&quot;:&quot;classic&quot;}\">\n\t\t\t\t\t\t\t<div class=\"elementor-background-overlay\"><\/div>\n\t\t\t\t\t\t\t<div class=\"elementor-container elementor-column-gap-default\">\n\t\t\t\t\t<div class=\"elementor-column elementor-col-100 elementor-top-column elementor-element elementor-element-6004caac\" data-id=\"6004caac\" data-element_type=\"column\">\n\t\t\t<div class=\"elementor-widget-wrap elementor-element-populated\">\n\t\t\t\t\t\t\t\t<div class=\"elementor-element elementor-element-c56ca78 elementor-widget elementor-widget-spacer\" data-id=\"c56ca78\" data-element_type=\"widget\" data-widget_type=\"spacer.default\">\n\t\t\t\t<div class=\"elementor-widget-container\">\n\t\t\t<style>\/*! elementor - v3.18.0 - 20-12-2023 *\/\n.elementor-column .elementor-spacer-inner{height:var(--spacer-size)}.e-con{--container-widget-width:100%}.e-con-inner>.elementor-widget-spacer,.e-con>.elementor-widget-spacer{width:var(--container-widget-width,var(--spacer-size));--align-self:var(--container-widget-align-self,initial);--flex-shrink:0}.e-con-inner>.elementor-widget-spacer>.elementor-widget-container,.e-con>.elementor-widget-spacer>.elementor-widget-container{height:100%;width:100%}.e-con-inner>.elementor-widget-spacer>.elementor-widget-container>.elementor-spacer,.e-con>.elementor-widget-spacer>.elementor-widget-container>.elementor-spacer{height:100%}.e-con-inner>.elementor-widget-spacer>.elementor-widget-container>.elementor-spacer>.elementor-spacer-inner,.e-con>.elementor-widget-spacer>.elementor-widget-container>.elementor-spacer>.elementor-spacer-inner{height:var(--container-widget-height,var(--spacer-size))}.e-con-inner>.elementor-widget-spacer.elementor-widget-empty,.e-con>.elementor-widget-spacer.elementor-widget-empty{position:relative;min-height:22px;min-width:22px}.e-con-inner>.elementor-widget-spacer.elementor-widget-empty .elementor-widget-empty-icon,.e-con>.elementor-widget-spacer.elementor-widget-empty .elementor-widget-empty-icon{position:absolute;top:0;bottom:0;left:0;right:0;margin:auto;padding:0;width:22px;height:22px}<\/style>\t\t<div class=\"elementor-spacer\">\n\t\t\t<div class=\"elementor-spacer-inner\"><\/div>\n\t\t<\/div>\n\t\t\t\t<\/div>\n\t\t\t\t<\/div>\n\t\t\t\t\t<\/div>\n\t\t<\/div>\n\t\t\t\t\t\t\t<\/div>\n\t\t<\/section>\n\t\t\t\t<section class=\"elementor-section elementor-top-section elementor-element elementor-element-19b460d7 elementor-section-boxed elementor-section-height-default elementor-section-height-default\" data-id=\"19b460d7\" data-element_type=\"section\" data-settings=\"{&quot;background_background&quot;:&quot;classic&quot;}\">\n\t\t\t\t\t\t\t<div class=\"elementor-background-overlay\"><\/div>\n\t\t\t\t\t\t\t<div class=\"elementor-container elementor-column-gap-default\">\n\t\t\t\t\t<div class=\"elementor-column elementor-col-50 elementor-top-column elementor-element elementor-element-21055e29\" data-id=\"21055e29\" data-element_type=\"column\">\n\t\t\t<div class=\"elementor-widget-wrap elementor-element-populated\">\n\t\t\t\t\t\t\t\t<div class=\"elementor-element elementor-element-8074f90 elementor-widget elementor-widget-spacer\" data-id=\"8074f90\" data-element_type=\"widget\" data-widget_type=\"spacer.default\">\n\t\t\t\t<div class=\"elementor-widget-container\">\n\t\t\t\t\t<div class=\"elementor-spacer\">\n\t\t\t<div class=\"elementor-spacer-inner\"><\/div>\n\t\t<\/div>\n\t\t\t\t<\/div>\n\t\t\t\t<\/div>\n\t\t\t\t<div class=\"elementor-element elementor-element-4b2e376a elementor-widget elementor-widget-heading\" data-id=\"4b2e376a\" data-element_type=\"widget\" data-widget_type=\"heading.default\">\n\t\t\t\t<div class=\"elementor-widget-container\">\n\t\t\t<style>\/*! elementor - v3.18.0 - 20-12-2023 *\/\n.elementor-heading-title{padding:0;margin:0;line-height:1}.elementor-widget-heading .elementor-heading-title[class*=elementor-size-]>a{color:inherit;font-size:inherit;line-height:inherit}.elementor-widget-heading .elementor-heading-title.elementor-size-small{font-size:15px}.elementor-widget-heading .elementor-heading-title.elementor-size-medium{font-size:19px}.elementor-widget-heading .elementor-heading-title.elementor-size-large{font-size:29px}.elementor-widget-heading .elementor-heading-title.elementor-size-xl{font-size:39px}.elementor-widget-heading .elementor-heading-title.elementor-size-xxl{font-size:59px}<\/style><h6 class=\"elementor-heading-title elementor-size-default\">Producto garantizado<\/h6>\t\t<\/div>\n\t\t\t\t<\/div>\n\t\t\t\t<div class=\"elementor-element elementor-element-cabf648 elementor-widget elementor-widget-heading\" data-id=\"cabf648\" data-element_type=\"widget\" data-widget_type=\"heading.default\">\n\t\t\t\t<div class=\"elementor-widget-container\">\n\t\t\t<h2 class=\"elementor-heading-title elementor-size-default\">Liberfut<\/h2>\t\t<\/div>\n\t\t\t\t<\/div>\n\t\t\t\t<div class=\"elementor-element elementor-element-54b644d3 elementor-widget elementor-widget-text-editor\" data-id=\"54b644d3\" data-element_type=\"widget\" data-widget_type=\"text-editor.default\">\n\t\t\t\t<div class=\"elementor-widget-container\">\n\t\t\t<style>\/*! elementor - v3.18.0 - 20-12-2023 *\/\n.elementor-widget-text-editor.elementor-drop-cap-view-stacked .elementor-drop-cap{background-color:#69727d;color:#fff}.elementor-widget-text-editor.elementor-drop-cap-view-framed .elementor-drop-cap{color:#69727d;border:3px solid;background-color:transparent}.elementor-widget-text-editor:not(.elementor-drop-cap-view-default) .elementor-drop-cap{margin-top:8px}.elementor-widget-text-editor:not(.elementor-drop-cap-view-default) .elementor-drop-cap-letter{width:1em;height:1em}.elementor-widget-text-editor .elementor-drop-cap{float:left;text-align:center;line-height:1;font-size:50px}.elementor-widget-text-editor .elementor-drop-cap-letter{display:inline-block}<\/style>\t\t\t\t<p>Bienvenido a LIBERFUT, nuestro producto l\u00edder dise\u00f1ado para fortalecer tu sistema inmunol\u00f3gico y protegerte de enfermedades. En un mundo donde la salud es primordial, LIBERFUT te brinda una soluci\u00f3n confiable respaldada por la ciencia.<\/p><p>Nuestra f\u00f3rmula \u00fanica combina ingredientes de calidad premium, como el calostro bovino y el huevo liofilizado, reconocidos por sus propiedades inmunomoduladoras y potenciadoras del sistema inmunol\u00f3gico. Estos componentes trabajan en conjunto para fortalecer tus defensas naturales, protegi\u00e9ndote contra infecciones y enfermedades.<\/p><p>LIBERFUT es el aliado perfecto para aquellos que buscan mantener una salud \u00f3ptima y un estilo de vida activo. Adem\u00e1s, nuestra f\u00f3rmula se elabora siguiendo los m\u00e1s altos est\u00e1ndares de calidad y es apta para diferentes necesidades diet\u00e9ticas.<\/p><p>Conf\u00eda en LIBERFUT para fortalecer tu sistema inmunol\u00f3gico y proteger tu bienestar. Estamos comprometidos en brindarte un producto seguro, eficaz y respaldado por la ciencia. Asegura tu salud con LIBERFUT y disfruta de una vida plena y protegida. \u00a1\u00danete a nuestra comunidad saludable y descubre el poder de LIBERFUT hoy mismo!<\/p>\t\t\t\t\t\t<\/div>\n\t\t\t\t<\/div>\n\t\t\t\t<div class=\"elementor-element elementor-element-17fdd580 elementor-widget elementor-widget-button\" data-id=\"17fdd580\" data-element_type=\"widget\" data-widget_type=\"button.default\">\n\t\t\t\t<div class=\"elementor-widget-container\">\n\t\t\t\t\t<div class=\"elementor-button-wrapper\">\n\t\t\t<a class=\"elementor-button elementor-button-link elementor-size-sm\" href=\"https:\/\/canalmdigital.com\/shop\/\">\n\t\t\t\t\t\t<span class=\"elementor-button-content-wrapper\">\n\t\t\t\t\t\t<span class=\"elementor-button-text\">Descubrir productos<\/span>\n\t\t<\/span>\n\t\t\t\t\t<\/a>\n\t\t<\/div>\n\t\t\t\t<\/div>\n\t\t\t\t<\/div>\n\t\t\t\t\t<\/div>\n\t\t<\/div>\n\t\t\t\t<div class=\"elementor-column elementor-col-50 elementor-top-column elementor-element elementor-element-720c55d8\" data-id=\"720c55d8\" data-element_type=\"column\">\n\t\t\t<div class=\"elementor-widget-wrap elementor-element-populated\">\n\t\t\t\t\t\t\t\t<div class=\"elementor-element elementor-element-74b9985 elementor-widget elementor-widget-image\" data-id=\"74b9985\" data-element_type=\"widget\" data-widget_type=\"image.default\">\n\t\t\t\t<div class=\"elementor-widget-container\">\n\t\t\t<style>\/*! elementor - v3.18.0 - 20-12-2023 *\/\n.elementor-widget-image{text-align:center}.elementor-widget-image a{display:inline-block}.elementor-widget-image a img[src$=\".svg\"]{width:48px}.elementor-widget-image img{vertical-align:middle;display:inline-block}<\/style>\t\t\t\t\t\t\t\t\t\t\t\t<img fetchpriority=\"high\" decoding=\"async\" width=\"525\" height=\"525\" src=\"https:\/\/empresario.clickconvert.pro\/vimco\/wp-content\/uploads\/sites\/27\/2023\/07\/liberfut-2x2-1-1024x1024.png\" class=\"attachment-large size-large wp-image-33\" alt=\"\" srcset=\"https:\/\/empresario.clickconvert.pro\/vimco\/wp-content\/uploads\/sites\/27\/2023\/07\/liberfut-2x2-1-1024x1024.png 1024w, https:\/\/empresario.clickconvert.pro\/vimco\/wp-content\/uploads\/sites\/27\/2023\/07\/liberfut-2x2-1-300x300.png 300w, https:\/\/empresario.clickconvert.pro\/vimco\/wp-content\/uploads\/sites\/27\/2023\/07\/liberfut-2x2-1-150x150.png 150w, https:\/\/empresario.clickconvert.pro\/vimco\/wp-content\/uploads\/sites\/27\/2023\/07\/liberfut-2x2-1-768x768.png 768w, https:\/\/empresario.clickconvert.pro\/vimco\/wp-content\/uploads\/sites\/27\/2023\/07\/liberfut-2x2-1-1536x1536.png 1536w, https:\/\/empresario.clickconvert.pro\/vimco\/wp-content\/uploads\/sites\/27\/2023\/07\/liberfut-2x2-1.png 2000w\" sizes=\"(max-width: 525px) 100vw, 525px\" \/>\t\t\t\t\t\t\t\t\t\t\t\t\t\t\t<\/div>\n\t\t\t\t<\/div>\n\t\t\t\t\t<\/div>\n\t\t<\/div>\n\t\t\t\t\t\t\t<\/div>\n\t\t<\/section>\n\t\t\t\t<section class=\"elementor-section elementor-top-section elementor-element elementor-element-7b9474bb elementor-section-boxed elementor-section-height-default elementor-section-height-default\" data-id=\"7b9474bb\" data-element_type=\"section\">\n\t\t\t\t\t\t<div class=\"elementor-container elementor-column-gap-default\">\n\t\t\t\t\t<div class=\"elementor-column elementor-col-100 elementor-top-column elementor-element elementor-element-5a058622\" data-id=\"5a058622\" data-element_type=\"column\">\n\t\t\t<div class=\"elementor-widget-wrap elementor-element-populated\">\n\t\t\t\t\t\t\t\t<div class=\"elementor-element elementor-element-1f41c1b1 elementor-widget elementor-widget-shortcode\" data-id=\"1f41c1b1\" data-element_type=\"widget\" data-widget_type=\"shortcode.default\">\n\t\t\t\t<div class=\"elementor-widget-container\">\n\t\t\t\t\t<div class=\"elementor-shortcode\"><\/div>\n\t\t\t\t<\/div>\n\t\t\t\t<\/div>\n\t\t\t\t\t<\/div>\n\t\t<\/div>\n\t\t\t\t\t\t\t<\/div>\n\t\t<\/section>\n\t\t\t\t\t\t\t<\/div>\n\t\t","protected":false},"excerpt":{"rendered":"<p>Producto garantizado Liberfut Bienvenido a LIBERFUT, nuestro producto l\u00edder dise\u00f1ado para fortalecer tu sistema inmunol\u00f3gico y protegerte de enfermedades. En&hellip;<\/p>\n","protected":false},"author":1,"featured_media":0,"parent":0,"menu_order":0,"comment_status":"closed","ping_status":"closed","template":"","meta":[],"_links":{"self":[{"href":"https:\/\/empresario.clickconvert.pro\/vimco\/wp-json\/wp\/v2\/pages\/32"}],"collection":[{"href":"https:\/\/empresario.clickconvert.pro\/vimco\/wp-json\/wp\/v2\/pages"}],"about":[{"href":"https:\/\/empresario.clickconvert.pro\/vimco\/wp-json\/wp\/v2\/types\/page"}],"author":[{"embeddable":true,"href":"https:\/\/empresario.clickconvert.pro\/vimco\/wp-json\/wp\/v2\/users\/1"}],"replies":[{"embeddable":true,"href":"https:\/\/empresario.clickconvert.pro\/vimco\/wp-json\/wp\/v2\/comments?post=32"}],"version-history":[{"count":4,"href":"https:\/\/empresario.clickconvert.pro\/vimco\/wp-json\/wp\/v2\/pages\/32\/revisions"}],"predecessor-version":[{"id":79,"href":"https:\/\/empresario.clickconvert.pro\/vimco\/wp-json\/wp\/v2\/pages\/32\/revisions\/79"}],"wp:attachment":[{"href":"https:\/\/empresario.clickconvert.pro\/vimco\/wp-json\/wp\/v2\/media?parent=32"}],"curies":[{"name":"wp","href":"https:\/\/api.w.org\/{rel}","templated":true}]}}